{"id":783,"date":"2026-01-05T15:46:57","date_gmt":"2026-01-05T14:46:57","guid":{"rendered":"https:\/\/demo.boyala.com\/?page_id=783"},"modified":"2026-01-19T19:05:57","modified_gmt":"2026-01-19T18:05:57","slug":"construccion-y-promocion","status":"publish","type":"page","link":"https:\/\/demo.boyala.com\/pa\/soluciones\/por-industria\/construccion-y-promocion\/","title":{"rendered":"Construcci\u00f3n y Promoci\u00f3n"},"content":{"rendered":"\t\t<div data-elementor-type=\"wp-page\" data-elementor-id=\"783\" class=\"elementor elementor-783\" data-elementor-post-type=\"page\">\n\t\t\t\t<div class=\"elementor-element elementor-element-2fd0262 e-con-full e-flex e-con e-parent\" data-id=\"2fd0262\" data-element_type=\"container\" data-e-type=\"container\" data-settings=\"{&quot;background_background&quot;:&quot;gradient&quot;}\">\n\t\t\t\t<div class=\"elementor-element elementor-element-cb35913 elementor-widget elementor-widget-heading\" data-id=\"cb35913\" data-element_type=\"widget\" data-e-type=\"widget\" data-widget_type=\"heading.default\">\n\t\t\t\t\t<h2 class=\"elementor-heading-title elementor-size-default\">Construcci\u00f3n y <br>Promoci\u00f3n<\/h2>\t\t\t\t<\/div>\n\t\t\t\t<\/div>\n\t\t\t\t<section class=\"elementor-section elementor-top-section elementor-element elementor-element-17f9f3c elementor-section-stretched elementor-section-full_width elementor-section-height-default elementor-section-height-default\" data-id=\"17f9f3c\" data-element_type=\"section\" data-e-type=\"section\" data-settings=\"{&quot;stretch_section&quot;:&quot;section-stretched&quot;}\">\n\t\t\t\t\t\t<div class=\"elementor-container elementor-column-gap-wider\">\n\t\t\t\t\t<div class=\"elementor-column elementor-col-100 elementor-top-column elementor-element elementor-element-f85a9ed\" data-id=\"f85a9ed\" data-element_type=\"column\" data-e-type=\"column\">\n\t\t\t<div class=\"elementor-widget-wrap elementor-element-populated\">\n\t\t\t\t\t\t<section class=\"elementor-section elementor-inner-section elementor-element elementor-element-5c71a36 elementor-section-content-middle elementor-section-full_width elementor-section-height-default elementor-section-height-default\" data-id=\"5c71a36\" data-element_type=\"section\" data-e-type=\"section\">\n\t\t\t\t\t\t<div class=\"elementor-container elementor-column-gap-default\">\n\t\t\t\t\t<div class=\"elementor-column elementor-col-50 elementor-inner-column elementor-element elementor-element-b1cbe02\" data-id=\"b1cbe02\" data-element_type=\"column\" data-e-type=\"column\">\n\t\t\t<div class=\"elementor-widget-wrap elementor-element-populated\">\n\t\t\t\t\t\t<div class=\"elementor-element elementor-element-edde644 elementor-widget elementor-widget-heading\" data-id=\"edde644\" data-element_type=\"widget\" data-e-type=\"widget\" data-widget_type=\"heading.default\">\n\t\t\t\t\t<h2 class=\"elementor-heading-title elementor-size-default\">Rentabilidad en Proyectos con SAP<\/h2>\t\t\t\t<\/div>\n\t\t\t\t<div class=\"elementor-element elementor-element-440906c elementor-widget elementor-widget-text-editor\" data-id=\"440906c\" data-element_type=\"widget\" data-e-type=\"widget\" data-widget_type=\"text-editor.default\">\n\t\t\t\t\t\t\t\t\t<p>En la industria de la construcci\u00f3n, as\u00ed como en otros sectores donde los presupuestos se manejan por obra o por proyectos, es indispensable mantener archivos y expedientes por separado para cada cuenta de control, lo que hace pesado y complicado el manejo del d\u00eda a d\u00eda y de las finanzas. Mediante nuestros procesos establecidos en\u00a0<strong>SAP Business One<\/strong>, de forma modular, todas las operaciones convergen en una sola administraci\u00f3n sencilla y eficiente donde se controla todo el trabajo en procesos de las diferentes obras y proyectos.<\/p>\t\t\t\t\t\t\t\t<\/div>\n\t\t\t\t\t<\/div>\n\t\t<\/div>\n\t\t\t\t<div class=\"elementor-column elementor-col-50 elementor-inner-column elementor-element elementor-element-d0f3abd\" data-id=\"d0f3abd\" data-element_type=\"column\" data-e-type=\"column\">\n\t\t\t<div class=\"elementor-widget-wrap elementor-element-populated\">\n\t\t\t\t\t\t<div class=\"elementor-element elementor-element-c656801 elementor-widget elementor-widget-image\" data-id=\"c656801\" data-element_type=\"widget\" data-e-type=\"widget\" data-widget_type=\"image.default\">\n\t\t\t\t\t\t\t\t\t\t\t\t\t\t\t<img fetchpriority=\"high\" decoding=\"async\" width=\"1000\" height=\"400\" src=\"https:\/\/demo.boyala.com\/pa\/wp-content\/uploads\/sites\/4\/2026\/01\/boyala-construcciones.jpg\" class=\"attachment-large size-large wp-image-790\" alt=\"\" srcset=\"https:\/\/demo.boyala.com\/pa\/wp-content\/uploads\/sites\/4\/2026\/01\/boyala-construcciones.jpg 1000w, https:\/\/demo.boyala.com\/pa\/wp-content\/uploads\/sites\/4\/2026\/01\/boyala-construcciones-300x120.jpg 300w, https:\/\/demo.boyala.com\/pa\/wp-content\/uploads\/sites\/4\/2026\/01\/boyala-construcciones-768x307.jpg 768w, https:\/\/demo.boyala.com\/pa\/wp-content\/uploads\/sites\/4\/2026\/01\/boyala-construcciones-150x60.jpg 150w, https:\/\/demo.boyala.com\/pa\/wp-content\/uploads\/sites\/4\/2026\/01\/boyala-construcciones-480x192.jpg 480w\" sizes=\"(max-width:767px) 480px, (max-width:1000px) 100vw, 1000px\" \/>\t\t\t\t\t\t\t\t\t\t\t\t\t\t\t<\/div>\n\t\t\t\t\t<\/div>\n\t\t<\/div>\n\t\t\t\t\t<\/div>\n\t\t<\/section>\n\t\t\t\t<section class=\"elementor-section elementor-inner-section elementor-element elementor-element-2b828f9 elementor-section-content-middle elementor-section-full_width elementor-section-height-default elementor-section-height-default\" data-id=\"2b828f9\" data-element_type=\"section\" data-e-type=\"section\">\n\t\t\t\t\t\t<div class=\"elementor-container elementor-column-gap-default\">\n\t\t\t\t\t<div class=\"elementor-column elementor-col-100 elementor-inner-column elementor-element elementor-element-69da858\" data-id=\"69da858\" data-element_type=\"column\" data-e-type=\"column\">\n\t\t\t<div class=\"elementor-widget-wrap elementor-element-populated\">\n\t\t\t\t\t\t<div class=\"elementor-element elementor-element-1cef89e elementor-widget elementor-widget-text-editor\" data-id=\"1cef89e\" data-element_type=\"widget\" data-e-type=\"widget\" data-widget_type=\"text-editor.default\">\n\t\t\t\t\t\t\t\t\t<p>Entre los beneficios de gestionar un proyecto de construcci\u00f3n usando software ERP, como\u00a0<strong>SAP Business One<\/strong>\u00a0para proyectos en Panam\u00e1, podemos mencionar los siguientes:<\/p>\t\t\t\t\t\t\t\t<\/div>\n\t\t\t\t<div class=\"elementor-element elementor-element-3f4a90d elementor-widget elementor-widget-text-editor\" data-id=\"3f4a90d\" data-element_type=\"widget\" data-e-type=\"widget\" data-widget_type=\"text-editor.default\">\n\t\t\t\t\t\t\t\t\t<p><span style=\"color: #aa26fa;\"><strong>\u2713 <\/strong><\/span>Contabilidad de costos por proyectos.<\/p><p><span style=\"color: #aa26fa;\"><strong>\u2713 <\/strong><\/span>Contabilidad de costos por fase, sub fase, actividad, hasta 5 niveles.<\/p><p><span style=\"color: #aa26fa;\"><strong>\u2713 <\/strong><\/span>Proceso de contabilidad de costos por avance o metas.<\/p><p><span style=\"color: #aa26fa;\"><strong>\u2713 <\/strong><\/span>Manejo de contratos de sub-contratistas con sus adelantos por meta o avance.<\/p><p><span style=\"color: #aa26fa;\"><strong>\u2713 <\/strong><\/span>Manejo de \u00f3rdenes de trabajo para materiales con su presupuesto.<\/p>\t\t\t\t\t\t\t\t<\/div>\n\t\t\t\t<div class=\"elementor-element elementor-element-7ae3e94 elementor-widget elementor-widget-text-editor\" data-id=\"7ae3e94\" data-element_type=\"widget\" data-e-type=\"widget\" data-widget_type=\"text-editor.default\">\n\t\t\t\t\t\t\t\t\t<p>Contamos con soluciones para constructoras, con procesos b\u00e1sicos, procesos operativos y para la comercializaci\u00f3n de sus proyectos de construcci\u00f3n.<\/p>\t\t\t\t\t\t\t\t<\/div>\n\t\t\t\t\t<\/div>\n\t\t<\/div>\n\t\t\t\t\t<\/div>\n\t\t<\/section>\n\t\t\t\t\t<\/div>\n\t\t<\/div>\n\t\t\t\t\t<\/div>\n\t\t<\/section>\n\t\t\t\t<section class=\"elementor-section elementor-top-section elementor-element elementor-element-3b1da1c elementor-section-stretched elementor-section-full_width elementor-section-height-default elementor-section-height-default\" data-id=\"3b1da1c\" data-element_type=\"section\" data-e-type=\"section\" data-settings=\"{&quot;stretch_section&quot;:&quot;section-stretched&quot;,&quot;background_background&quot;:&quot;classic&quot;}\">\n\t\t\t\t\t\t<div class=\"elementor-container elementor-column-gap-wider\">\n\t\t\t\t\t<div class=\"elementor-column elementor-col-100 elementor-top-column elementor-element elementor-element-caa0770\" data-id=\"caa0770\" data-element_type=\"column\" data-e-type=\"column\">\n\t\t\t<div class=\"elementor-widget-wrap elementor-element-populated\">\n\t\t\t\t<div class=\"elementor-element elementor-element-d82157b e-con-full e-flex e-con e-parent\" data-id=\"d82157b\" data-element_type=\"container\" data-e-type=\"container\">\n\t\t<div class=\"elementor-element elementor-element-04b12b3 e-con-full e-flex e-con e-child\" data-id=\"04b12b3\" data-element_type=\"container\" data-e-type=\"container\">\n\t\t\t\t<div class=\"elementor-element elementor-element-bdbfb7c elementor-widget elementor-widget-text-editor\" data-id=\"bdbfb7c\" data-element_type=\"widget\" data-e-type=\"widget\" data-widget_type=\"text-editor.default\">\n\t\t\t\t\t\t\t\t\t<p><iframe src=\"https:\/\/app.powerbi.com\/view?r=eyJrIjoiYWRmMTA0ZWQtZjE0MS00MzZlLThhNzYtYTNjMTg3ZGY2NTE0IiwidCI6ImU0MTBlZDYyLTRhZTgtNDIzNi1hMDhhLWQyNWVjZGEwMDQyYiIsImMiOjF9\" width=\"800\" height=\"600\" frameborder=\"0\" allowfullscreen=\"allowfullscreen\"><span data-mce-type=\"bookmark\" style=\"display: inline-block; width: 0px; overflow: hidden; line-height: 0;\" class=\"mce_SELRES_start\">\ufeff<\/span><\/iframe><\/p>\t\t\t\t\t\t\t\t<\/div>\n\t\t\t\t<\/div>\n\t\t\t\t<\/div>\n\t\t\t\t\t<\/div>\n\t\t<\/div>\n\t\t\t\t\t<\/div>\n\t\t<\/section>\n\t\t\t\t<section class=\"elementor-section elementor-top-section elementor-element elementor-element-878ce60 elementor-section-stretched elementor-section-full_width elementor-section-height-default elementor-section-height-default\" data-id=\"878ce60\" data-element_type=\"section\" data-e-type=\"section\" data-settings=\"{&quot;stretch_section&quot;:&quot;section-stretched&quot;,&quot;background_background&quot;:&quot;classic&quot;}\">\n\t\t\t\t\t\t<div class=\"elementor-container elementor-column-gap-wider\">\n\t\t\t\t\t<div class=\"elementor-column elementor-col-100 elementor-top-column elementor-element elementor-element-8785440\" data-id=\"8785440\" data-element_type=\"column\" data-e-type=\"column\">\n\t\t\t<div class=\"elementor-widget-wrap elementor-element-populated\">\n\t\t\t\t\t\t<div class=\"elementor-element elementor-element-ba61faf elementor-widget elementor-widget-text-editor\" data-id=\"ba61faf\" data-element_type=\"widget\" data-e-type=\"widget\" data-widget_type=\"text-editor.default\">\n\t\t\t\t\t\t\t\t\t<p><span style=\"color: #000000;\"><strong>Nota<\/strong><\/span><br \/><span style=\"color: #000000;\">*Los procesos dise\u00f1ados para la industria de la construcci\u00f3n no est\u00e1n disponibles en las licencias Starter.<\/span><\/p>\t\t\t\t\t\t\t\t<\/div>\n\t\t<div class=\"elementor-element elementor-element-00fcd98 e-con-full e-flex e-con e-parent\" data-id=\"00fcd98\" data-element_type=\"container\" data-e-type=\"container\">\n\t\t<div class=\"elementor-element elementor-element-49a6ee1 e-con-full e-flex e-con e-child\" data-id=\"49a6ee1\" data-element_type=\"container\" data-e-type=\"container\" data-settings=\"{&quot;background_background&quot;:&quot;classic&quot;}\">\n\t\t\t\t<div class=\"elementor-element elementor-element-8530af9 elementor-widget elementor-widget-text-editor\" data-id=\"8530af9\" data-element_type=\"widget\" data-e-type=\"widget\" data-widget_type=\"text-editor.default\">\n\t\t\t\t\t\t\t\t\t<h5>Procesos a la medida para la Construcci\u00f3n<\/h5><p>En\u00a0<strong>Boyala<\/strong>\u00a0contamos con toda la experiencia y con procesos espec\u00edficos para empresas de construcci\u00f3n, usando software ERP como\u00a0<a href=\"\/pa\/productos\/sap-business-one-cloud\/\" rel=\"noopener\"><strong>SAP Business One<\/strong><\/a>\u00a0para el uso de constructoras en Panam\u00e1.<\/p>\t\t\t\t\t\t\t\t<\/div>\n\t\t\t\t<\/div>\n\t\t<div class=\"elementor-element elementor-element-2e2759c e-con-full e-flex e-con e-child\" data-id=\"2e2759c\" data-element_type=\"container\" data-e-type=\"container\" data-settings=\"{&quot;background_background&quot;:&quot;classic&quot;}\">\n\t\t\t\t<div class=\"elementor-element elementor-element-2ab6fd0 elementor-widget elementor-widget-text-editor\" data-id=\"2ab6fd0\" data-element_type=\"widget\" data-e-type=\"widget\" data-widget_type=\"text-editor.default\">\n\t\t\t\t\t\t\t\t\t<h5>Centro de Costos<\/h5><p>Llevar la contabilidad del Centro de Costos usando un software ERP como\u00a0<strong><a href=\"\/pa\/productos\/sap-business-one-cloud\/\" rel=\"noopener\">SAP Business One<\/a><\/strong>\u00a0para la construcci\u00f3n, le sirve a la direcci\u00f3n para tener un control del presupuesto de un proyecto y poder medir el desempe\u00f1o de cada unidad de negocios dentro de la construcci\u00f3n de un edificio. Usando el Centro de Costos en SAP Business One se puede llevar un Estado de Resultados y as\u00ed tener control por cada unidad de negocios.<\/p>\t\t\t\t\t\t\t\t<\/div>\n\t\t\t\t<\/div>\n\t\t<div class=\"elementor-element elementor-element-6105b8c e-con-full e-flex e-con e-child\" data-id=\"6105b8c\" data-element_type=\"container\" data-e-type=\"container\" data-settings=\"{&quot;background_background&quot;:&quot;classic&quot;}\">\n\t\t\t\t<div class=\"elementor-element elementor-element-b85c95e elementor-widget elementor-widget-text-editor\" data-id=\"b85c95e\" data-element_type=\"widget\" data-e-type=\"widget\" data-widget_type=\"text-editor.default\">\n\t\t\t\t\t\t\t\t\t<h5>Lista de Materiales<\/h5><p>La Lista de Materiales para un proyecto o el Bill of Materials (BOM) es la lista de materias primas, componentes, partes involucradas y cantidades necesarias para fabricar un producto terminado.<\/p><p>Al mantener la Lista de Materiales de un proyecto de construcci\u00f3n en SAP Business One, cada socio estrat\u00e9gico involucrado en la fabricaci\u00f3n de un producto terminado puede tener acceso al momento de entrega de su parte del proyecto.<\/p>\t\t\t\t\t\t\t\t<\/div>\n\t\t\t\t<\/div>\n\t\t<div class=\"elementor-element elementor-element-4899532 e-con-full e-flex e-con e-child\" data-id=\"4899532\" data-element_type=\"container\" data-e-type=\"container\" data-settings=\"{&quot;background_background&quot;:&quot;classic&quot;}\">\n\t\t\t\t<div class=\"elementor-element elementor-element-bdb4de9 elementor-widget elementor-widget-text-editor\" data-id=\"bdb4de9\" data-element_type=\"widget\" data-e-type=\"widget\" data-widget_type=\"text-editor.default\">\n\t\t\t\t\t\t\t\t\t<h5>Orden de Producci\u00f3n<\/h5><p>Al gestionar las \u00f3rdenes de producci\u00f3n usando una soluci\u00f3n ERP como SAP Business One con procesos espec\u00edficos para proyectos de Construcci\u00f3n se puede llevar un claro control de la conversi\u00f3n de materia prima y materiales en producto terminado. Las \u00f3rdenes de producci\u00f3n se emiten hacia las diferentes unidades de negocios dentro de una constructora.<\/p>\t\t\t\t\t\t\t\t<\/div>\n\t\t\t\t<\/div>\n\t\t\t\t<\/div>\n\t\t\t\t\t<\/div>\n\t\t<\/div>\n\t\t\t\t\t<\/div>\n\t\t<\/section>\n\t\t\t\t<section class=\"elementor-section elementor-top-section elementor-element elementor-element-c5cf50b elementor-section-stretched elementor-section-full_width elementor-section-height-default elementor-section-height-default\" data-id=\"c5cf50b\" data-element_type=\"section\" data-e-type=\"section\" data-settings=\"{&quot;stretch_section&quot;:&quot;section-stretched&quot;,&quot;background_background&quot;:&quot;classic&quot;}\">\n\t\t\t\t\t\t<div class=\"elementor-container elementor-column-gap-wider\">\n\t\t\t\t\t<div class=\"elementor-column elementor-col-100 elementor-top-column elementor-element elementor-element-057f8f0\" data-id=\"057f8f0\" data-element_type=\"column\" data-e-type=\"column\">\n\t\t\t<div class=\"elementor-widget-wrap elementor-element-populated\">\n\t\t\t\t\t\t<section class=\"elementor-section elementor-inner-section elementor-element elementor-element-65670f4 elementor-section-content-middle elementor-section-full_width elementor-section-height-default elementor-section-height-default\" data-id=\"65670f4\" data-element_type=\"section\" data-e-type=\"section\">\n\t\t\t\t\t\t<div class=\"elementor-container elementor-column-gap-default\">\n\t\t\t\t\t<div class=\"elementor-column elementor-col-50 elementor-inner-column elementor-element elementor-element-a99abb9\" data-id=\"a99abb9\" data-element_type=\"column\" data-e-type=\"column\">\n\t\t\t<div class=\"elementor-widget-wrap elementor-element-populated\">\n\t\t\t\t\t\t<div class=\"elementor-element elementor-element-05009d9 elementor-widget__width-initial elementor-widget elementor-widget-heading\" data-id=\"05009d9\" data-element_type=\"widget\" data-e-type=\"widget\" data-widget_type=\"heading.default\">\n\t\t\t\t\t<h2 class=\"elementor-heading-title elementor-size-default\">Cont\u00e1ctenos para conocer m\u00e1s<\/h2>\t\t\t\t<\/div>\n\t\t\t\t<div class=\"elementor-element elementor-element-3ff8690 elementor-widget elementor-widget-image\" data-id=\"3ff8690\" data-element_type=\"widget\" data-e-type=\"widget\" data-widget_type=\"image.default\">\n\t\t\t\t\t\t\t\t\t\t\t\t\t\t\t<img decoding=\"async\" width=\"1024\" height=\"136\" src=\"https:\/\/demo.boyala.com\/pa\/wp-content\/uploads\/sites\/4\/2026\/01\/SAP_BusinessOne_R_grad_blu-scaled-1-1024x136.png\" class=\"attachment-large size-large wp-image-1221\" alt=\"\" srcset=\"https:\/\/demo.boyala.com\/pa\/wp-content\/uploads\/sites\/4\/2026\/01\/SAP_BusinessOne_R_grad_blu-scaled-1-1024x136.png 1024w, https:\/\/demo.boyala.com\/pa\/wp-content\/uploads\/sites\/4\/2026\/01\/SAP_BusinessOne_R_grad_blu-scaled-1-300x40.png 300w, https:\/\/demo.boyala.com\/pa\/wp-content\/uploads\/sites\/4\/2026\/01\/SAP_BusinessOne_R_grad_blu-scaled-1-768x102.png 768w, https:\/\/demo.boyala.com\/pa\/wp-content\/uploads\/sites\/4\/2026\/01\/SAP_BusinessOne_R_grad_blu-scaled-1-1536x205.png 1536w, https:\/\/demo.boyala.com\/pa\/wp-content\/uploads\/sites\/4\/2026\/01\/SAP_BusinessOne_R_grad_blu-scaled-1-2048x273.png 2048w, https:\/\/demo.boyala.com\/pa\/wp-content\/uploads\/sites\/4\/2026\/01\/SAP_BusinessOne_R_grad_blu-scaled-1-150x20.png 150w, https:\/\/demo.boyala.com\/pa\/wp-content\/uploads\/sites\/4\/2026\/01\/SAP_BusinessOne_R_grad_blu-scaled-1-480x64.png 480w\" sizes=\"(max-width:767px) 480px, (max-width:1024px) 100vw, 1024px\" \/>\t\t\t\t\t\t\t\t\t\t\t\t\t\t\t<\/div>\n\t\t\t\t<div class=\"elementor-element elementor-element-c60922d elementor-widget elementor-widget-text-editor\" data-id=\"c60922d\" data-element_type=\"widget\" data-e-type=\"widget\" data-widget_type=\"text-editor.default\">\n\t\t\t\t\t\t\t\t\t<p>En<strong>\u00a0Boyala<\/strong>\u00a0estamos para ayudarte con la Contabilidad de Costos de todo tipo de proyectos de construcci\u00f3n.<br \/>C<strong>ont\u00e1ctanos<\/strong>\u00a0llenando el formulario para entender tu proyecto y realizar como podemos ayudarte.<\/p>\t\t\t\t\t\t\t\t<\/div>\n\t\t\t\t\t<\/div>\n\t\t<\/div>\n\t\t\t\t<div class=\"elementor-column elementor-col-50 elementor-inner-column elementor-element elementor-element-1174daf\" data-id=\"1174daf\" data-element_type=\"column\" data-e-type=\"column\">\n\t\t\t<div class=\"elementor-widget-wrap elementor-element-populated\">\n\t\t\t\t\t\t<div class=\"elementor-element elementor-element-80ef0aa elementor-widget elementor-widget-html\" data-id=\"80ef0aa\" data-element_type=\"widget\" data-e-type=\"widget\" data-widget_type=\"html.default\">\n\t\t\t\t\t<script charset=\"utf-8\" type=\"text\/javascript\" src=\"\/\/js.hsforms.net\/forms\/embed\/v2.js\"><\/script>\n\n<script>\n\nhbspt.forms.create({\n\nregion: \"na1\",\n\nportalId: \"46339531\",\n\nformId: \"11183bfc-79f4-492f-afbc-29ee62fd0c20\"\n\n});\n\n<\/script>\t\t\t\t<\/div>\n\t\t\t\t\t<\/div>\n\t\t<\/div>\n\t\t\t\t\t<\/div>\n\t\t<\/section>\n\t\t\t\t\t<\/div>\n\t\t<\/div>\n\t\t\t\t\t<\/div>\n\t\t<\/section>\n\t\t\t\t<\/div>\n\t\t","protected":false},"excerpt":{"rendered":"<p>Construcci\u00f3n y Promoci\u00f3n Rentabilidad en Proyectos con SAP En la industria de la construcci\u00f3n, as\u00ed como en otros sectores donde los presupuestos se manejan por obra<span class=\"excerpt-hellip\"> [\u2026]<\/span><\/p>\n","protected":false},"author":1,"featured_media":-1,"parent":556,"menu_order":0,"comment_status":"closed","ping_status":"closed","template":"elementor_header_footer","meta":{"footnotes":""},"class_list":["post-783","page","type-page","status-publish","has-post-thumbnail","hentry"],"_links":{"self":[{"href":"https:\/\/demo.boyala.com\/pa\/wp-json\/wp\/v2\/pages\/783","targetHints":{"allow":["GET"]}}],"collection":[{"href":"https:\/\/demo.boyala.com\/pa\/wp-json\/wp\/v2\/pages"}],"about":[{"href":"https:\/\/demo.boyala.com\/pa\/wp-json\/wp\/v2\/types\/page"}],"author":[{"embeddable":true,"href":"https:\/\/demo.boyala.com\/pa\/wp-json\/wp\/v2\/users\/1"}],"replies":[{"embeddable":true,"href":"https:\/\/demo.boyala.com\/pa\/wp-json\/wp\/v2\/comments?post=783"}],"version-history":[{"count":4,"href":"https:\/\/demo.boyala.com\/pa\/wp-json\/wp\/v2\/pages\/783\/revisions"}],"predecessor-version":[{"id":1427,"href":"https:\/\/demo.boyala.com\/pa\/wp-json\/wp\/v2\/pages\/783\/revisions\/1427"}],"up":[{"embeddable":true,"href":"https:\/\/demo.boyala.com\/pa\/wp-json\/wp\/v2\/pages\/556"}],"wp:featuredmedia":[{"embeddable":true,"href":"https:\/\/demo.boyala.com\/pa\/wp-json\/"}],"wp:attachment":[{"href":"https:\/\/demo.boyala.com\/pa\/wp-json\/wp\/v2\/media?parent=783"}],"curies":[{"name":"wp","href":"https:\/\/api.w.org\/{rel}","templated":true}]}}