{"id":612,"date":"2025-12-30T07:14:53","date_gmt":"2025-12-30T06:14:53","guid":{"rendered":"https:\/\/demo.boyala.com\/?page_id=612"},"modified":"2026-01-19T19:04:01","modified_gmt":"2026-01-19T18:04:01","slug":"distribucion","status":"publish","type":"page","link":"https:\/\/demo.boyala.com\/pa\/soluciones\/por-industria\/distribucion\/","title":{"rendered":"Distribuci\u00f3n"},"content":{"rendered":"\t\t<div data-elementor-type=\"wp-page\" data-elementor-id=\"612\" class=\"elementor elementor-612\" data-elementor-post-type=\"page\">\n\t\t\t\t<div class=\"elementor-element elementor-element-2fd0262 e-con-full e-flex e-con e-parent\" data-id=\"2fd0262\" data-element_type=\"container\" data-e-type=\"container\" data-settings=\"{&quot;background_background&quot;:&quot;gradient&quot;}\">\n\t\t\t\t<div class=\"elementor-element elementor-element-cb35913 elementor-widget elementor-widget-heading\" data-id=\"cb35913\" data-element_type=\"widget\" data-e-type=\"widget\" data-widget_type=\"heading.default\">\n\t\t\t\t\t<h2 class=\"elementor-heading-title elementor-size-default\">Distribuci\u00f3n<\/h2>\t\t\t\t<\/div>\n\t\t\t\t<\/div>\n\t\t\t\t<section class=\"elementor-section elementor-top-section elementor-element elementor-element-17f9f3c elementor-section-stretched elementor-section-full_width elementor-section-height-default elementor-section-height-default\" data-id=\"17f9f3c\" data-element_type=\"section\" data-e-type=\"section\" data-settings=\"{&quot;stretch_section&quot;:&quot;section-stretched&quot;}\">\n\t\t\t\t\t\t<div class=\"elementor-container elementor-column-gap-wider\">\n\t\t\t\t\t<div class=\"elementor-column elementor-col-100 elementor-top-column elementor-element elementor-element-f85a9ed\" data-id=\"f85a9ed\" data-element_type=\"column\" data-e-type=\"column\">\n\t\t\t<div class=\"elementor-widget-wrap elementor-element-populated\">\n\t\t\t\t\t\t<section class=\"elementor-section elementor-inner-section elementor-element elementor-element-5c71a36 elementor-section-content-middle elementor-section-full_width elementor-section-height-default elementor-section-height-default\" data-id=\"5c71a36\" data-element_type=\"section\" data-e-type=\"section\">\n\t\t\t\t\t\t<div class=\"elementor-container elementor-column-gap-default\">\n\t\t\t\t\t<div class=\"elementor-column elementor-col-50 elementor-inner-column elementor-element elementor-element-b1cbe02\" data-id=\"b1cbe02\" data-element_type=\"column\" data-e-type=\"column\">\n\t\t\t<div class=\"elementor-widget-wrap elementor-element-populated\">\n\t\t\t\t\t\t<div class=\"elementor-element elementor-element-edde644 elementor-widget elementor-widget-heading\" data-id=\"edde644\" data-element_type=\"widget\" data-e-type=\"widget\" data-widget_type=\"heading.default\">\n\t\t\t\t\t<h2 class=\"elementor-heading-title elementor-size-default\">La Plataforma que tu Empresa de Distribuci\u00f3n Necesita<\/h2>\t\t\t\t<\/div>\n\t\t\t\t<div class=\"elementor-element elementor-element-440906c elementor-widget elementor-widget-text-editor\" data-id=\"440906c\" data-element_type=\"widget\" data-e-type=\"widget\" data-widget_type=\"text-editor.default\">\n\t\t\t\t\t\t\t\t\t<p>Este sector comercial, en donde se encuentran mayoristas, distribuidores, representantes de marcas, comercializadores entre otros; manejan por su naturaleza, grandes cantidades de productos, locales, clientes, establecimientos, etc. Los procesos de negocios dise\u00f1ados por nosotros, junto al uso de\u00a0<strong><a href=\"\/pa\/productos\/sap-business-one-cloud\/\">SAP Business One<\/a><\/strong>, crean una herramienta ideal para este tipo de negocios.<\/p><p>Entre los beneficios de incorporar su empresa de distribuci\u00f3n a un manejo por medio de una plataforma de negocios en la nube como lo es SAP Business One y una de Inteligencia de Negocios tan robusta como Power BI de Microsoft est\u00e1n:<\/p>\t\t\t\t\t\t\t\t<\/div>\n\t\t\t\t\t<\/div>\n\t\t<\/div>\n\t\t\t\t<div class=\"elementor-column elementor-col-50 elementor-inner-column elementor-element elementor-element-d0f3abd\" data-id=\"d0f3abd\" data-element_type=\"column\" data-e-type=\"column\">\n\t\t\t<div class=\"elementor-widget-wrap elementor-element-populated\">\n\t\t\t\t\t\t<div class=\"elementor-element elementor-element-c656801 elementor-widget elementor-widget-image\" data-id=\"c656801\" data-element_type=\"widget\" data-e-type=\"widget\" data-widget_type=\"image.default\">\n\t\t\t\t\t\t\t\t\t\t\t\t\t\t\t<img fetchpriority=\"high\" decoding=\"async\" width=\"1000\" height=\"400\" src=\"https:\/\/demo.boyala.com\/pa\/wp-content\/uploads\/sites\/4\/2026\/01\/boyala-distribucion.jpg\" class=\"attachment-large size-large wp-image-701\" alt=\"\" srcset=\"https:\/\/demo.boyala.com\/pa\/wp-content\/uploads\/sites\/4\/2026\/01\/boyala-distribucion.jpg 1000w, https:\/\/demo.boyala.com\/pa\/wp-content\/uploads\/sites\/4\/2026\/01\/boyala-distribucion-300x120.jpg 300w, https:\/\/demo.boyala.com\/pa\/wp-content\/uploads\/sites\/4\/2026\/01\/boyala-distribucion-768x307.jpg 768w, https:\/\/demo.boyala.com\/pa\/wp-content\/uploads\/sites\/4\/2026\/01\/boyala-distribucion-150x60.jpg 150w, https:\/\/demo.boyala.com\/pa\/wp-content\/uploads\/sites\/4\/2026\/01\/boyala-distribucion-480x192.jpg 480w\" sizes=\"(max-width:767px) 480px, (max-width:1000px) 100vw, 1000px\" \/>\t\t\t\t\t\t\t\t\t\t\t\t\t\t\t<\/div>\n\t\t\t\t\t<\/div>\n\t\t<\/div>\n\t\t\t\t\t<\/div>\n\t\t<\/section>\n\t\t\t\t\t<\/div>\n\t\t<\/div>\n\t\t\t\t\t<\/div>\n\t\t<\/section>\n\t\t\t\t<section class=\"elementor-section elementor-top-section elementor-element elementor-element-3b1da1c elementor-section-stretched elementor-section-full_width elementor-section-height-default elementor-section-height-default\" data-id=\"3b1da1c\" data-element_type=\"section\" data-e-type=\"section\" data-settings=\"{&quot;stretch_section&quot;:&quot;section-stretched&quot;}\">\n\t\t\t\t\t\t<div class=\"elementor-container elementor-column-gap-wider\">\n\t\t\t\t\t<div class=\"elementor-column elementor-col-100 elementor-top-column elementor-element elementor-element-caa0770\" data-id=\"caa0770\" data-element_type=\"column\" data-e-type=\"column\">\n\t\t\t<div class=\"elementor-widget-wrap elementor-element-populated\">\n\t\t\t\t<div class=\"elementor-element elementor-element-d82157b e-con-full e-flex e-con e-parent\" data-id=\"d82157b\" data-element_type=\"container\" data-e-type=\"container\">\n\t\t<div class=\"elementor-element elementor-element-04b12b3 e-con-full e-flex e-con e-child\" data-id=\"04b12b3\" data-element_type=\"container\" data-e-type=\"container\">\n\t\t\t\t<div class=\"elementor-element elementor-element-bdbfb7c elementor-widget elementor-widget-text-editor\" data-id=\"bdbfb7c\" data-element_type=\"widget\" data-e-type=\"widget\" data-widget_type=\"text-editor.default\">\n\t\t\t\t\t\t\t\t\t<p><span style=\"color: #aa26fa;\"><strong>\u2713<\/strong>\u00a0<\/span>Manejo de m\u00faltiples bodegas.<\/p><p><span style=\"color: #aa26fa;\"><strong>\u2713<\/strong>\u00a0<\/span>Manejo de ubicaciones dentro de bodegas. (No aplica a Licencia starter)<\/p><p><span style=\"color: #aa26fa;\"><strong>\u2713<\/strong>\u00a0<\/span>Manejo de lotes para productos perecederos con trazabilidad. (No aplica a Licencia Starter)<\/p><p><span style=\"color: #aa26fa;\"><strong>\u2713<\/strong>\u00a0<\/span>Manejo de productos con n\u00famero de serie. (No aplica a Licencia Starter)<\/p><p><span style=\"color: #aa26fa;\"><strong>\u2713<\/strong>\u00a0<\/span>Manejo del proceso de importaci\u00f3n de productos.\u00a0<a href=\"https:\/\/www.youtube.com\/watch?v=JC1jx7N1wzE\" target=\"_blank\" rel=\"noopener\">Ver aqu\u00ed<\/a>.<\/p><p><span style=\"color: #aa26fa;\"><strong>\u2713<\/strong>\u00a0<\/span>Utilizaci\u00f3n del sugerido de compras seg\u00fan demanda y tr\u00e1nsito.<\/p><p><span style=\"color: #aa26fa;\"><strong>\u2713<\/strong>\u00a0<\/span>Trazabilidad de contratos de compras y ventas por monto o unidades.<\/p><p><span style=\"color: #aa26fa;\"><strong>\u2713<\/strong>\u00a0<\/span>Trazabilidad de cotizaciones \u2013 \u00d3rdenes de venta \u2013 Facturas \u2013 Entregas \u2013 Devoluciones.<\/p><p><span style=\"color: #aa26fa;\"><strong>\u2713<\/strong>\u00a0<\/span>Trazabilidad de adelantos, pagos aplicados y dem\u00e1s.<\/p><p><span style=\"color: #aa26fa;\"><strong>\u2713<\/strong>\u00a0<\/span>Creaci\u00f3n de KITS de productos, para el manejo simplificado de inventario.\u00a0<a href=\"https:\/\/www.youtube.com\/watch?v=Vnh41KHt-zU\" target=\"_blank\" rel=\"noopener\">Ver aqu\u00ed.<\/a><\/p><p><span style=\"color: #aa26fa;\"><strong>\u2713<\/strong>\u00a0<\/span>Para ver m\u00e1s sobre SAP Business One en acci\u00f3n sobre manejos de inventarios.\u00a0<a href=\"https:\/\/www.youtube.com\/watch?v=avvoarPFOlE&amp;index=6&amp;list=PLMdHXbewhZ2Sglcoj5nU6mmz1ACExV7FM&amp;ab_channel=SAPBusinessOne\" target=\"_blank\" rel=\"noopener\">Ver aqu\u00ed<\/a><\/p>\t\t\t\t\t\t\t\t<\/div>\n\t\t\t\t<\/div>\n\t\t\t\t<\/div>\n\t\t\t\t\t<\/div>\n\t\t<\/div>\n\t\t\t\t\t<\/div>\n\t\t<\/section>\n\t\t\t\t<section class=\"elementor-section elementor-top-section elementor-element elementor-element-732a4b7 elementor-section-stretched elementor-section-full_width elementor-section-height-default elementor-section-height-default\" data-id=\"732a4b7\" data-element_type=\"section\" data-e-type=\"section\" data-settings=\"{&quot;stretch_section&quot;:&quot;section-stretched&quot;,&quot;background_background&quot;:&quot;classic&quot;}\">\n\t\t\t\t\t\t<div class=\"elementor-container elementor-column-gap-wider\">\n\t\t\t\t\t<div class=\"elementor-column elementor-col-100 elementor-top-column elementor-element elementor-element-85cf432\" data-id=\"85cf432\" data-element_type=\"column\" data-e-type=\"column\">\n\t\t\t<div class=\"elementor-widget-wrap elementor-element-populated\">\n\t\t\t\t\t\t<section class=\"elementor-section elementor-inner-section elementor-element elementor-element-f8054a1 elementor-section-content-middle elementor-section-full_width elementor-section-height-default elementor-section-height-default\" data-id=\"f8054a1\" data-element_type=\"section\" data-e-type=\"section\">\n\t\t\t\t\t\t<div class=\"elementor-container elementor-column-gap-default\">\n\t\t\t\t\t<div class=\"elementor-column elementor-col-50 elementor-inner-column elementor-element elementor-element-123020d\" data-id=\"123020d\" data-element_type=\"column\" data-e-type=\"column\">\n\t\t\t<div class=\"elementor-widget-wrap elementor-element-populated\">\n\t\t\t\t\t\t<div class=\"elementor-element elementor-element-9edcc2e elementor-widget__width-initial elementor-widget elementor-widget-heading\" data-id=\"9edcc2e\" data-element_type=\"widget\" data-e-type=\"widget\" data-widget_type=\"heading.default\">\n\t\t\t\t\t<h2 class=\"elementor-heading-title elementor-size-default\">Cont\u00e1ctenos para conocer m\u00e1s<\/h2>\t\t\t\t<\/div>\n\t\t\t\t<div class=\"elementor-element elementor-element-f3324fb elementor-widget elementor-widget-image\" data-id=\"f3324fb\" data-element_type=\"widget\" data-e-type=\"widget\" data-widget_type=\"image.default\">\n\t\t\t\t\t\t\t\t\t\t\t\t\t\t\t<img decoding=\"async\" width=\"1024\" height=\"136\" src=\"https:\/\/demo.boyala.com\/pa\/wp-content\/uploads\/sites\/4\/2026\/01\/SAP_BusinessOne_R_grad_blu-scaled-1-1024x136.png\" class=\"attachment-large size-large wp-image-1221\" alt=\"\" srcset=\"https:\/\/demo.boyala.com\/pa\/wp-content\/uploads\/sites\/4\/2026\/01\/SAP_BusinessOne_R_grad_blu-scaled-1-1024x136.png 1024w, https:\/\/demo.boyala.com\/pa\/wp-content\/uploads\/sites\/4\/2026\/01\/SAP_BusinessOne_R_grad_blu-scaled-1-300x40.png 300w, https:\/\/demo.boyala.com\/pa\/wp-content\/uploads\/sites\/4\/2026\/01\/SAP_BusinessOne_R_grad_blu-scaled-1-768x102.png 768w, https:\/\/demo.boyala.com\/pa\/wp-content\/uploads\/sites\/4\/2026\/01\/SAP_BusinessOne_R_grad_blu-scaled-1-1536x205.png 1536w, https:\/\/demo.boyala.com\/pa\/wp-content\/uploads\/sites\/4\/2026\/01\/SAP_BusinessOne_R_grad_blu-scaled-1-2048x273.png 2048w, https:\/\/demo.boyala.com\/pa\/wp-content\/uploads\/sites\/4\/2026\/01\/SAP_BusinessOne_R_grad_blu-scaled-1-150x20.png 150w, https:\/\/demo.boyala.com\/pa\/wp-content\/uploads\/sites\/4\/2026\/01\/SAP_BusinessOne_R_grad_blu-scaled-1-480x64.png 480w\" sizes=\"(max-width:767px) 480px, (max-width:1024px) 100vw, 1024px\" \/>\t\t\t\t\t\t\t\t\t\t\t\t\t\t\t<\/div>\n\t\t\t\t<div class=\"elementor-element elementor-element-6afb6fc elementor-widget elementor-widget-text-editor\" data-id=\"6afb6fc\" data-element_type=\"widget\" data-e-type=\"widget\" data-widget_type=\"text-editor.default\">\n\t\t\t\t\t\t\t\t\t<p>Estamos atentos a cualquier inquietud y requerimiento, estamos para ayudarlo.<\/p><p>Cont\u00e1ctenos llenando el formulario.<\/p>\t\t\t\t\t\t\t\t<\/div>\n\t\t\t\t\t<\/div>\n\t\t<\/div>\n\t\t\t\t<div class=\"elementor-column elementor-col-50 elementor-inner-column elementor-element elementor-element-4499276\" data-id=\"4499276\" data-element_type=\"column\" data-e-type=\"column\">\n\t\t\t<div class=\"elementor-widget-wrap elementor-element-populated\">\n\t\t\t\t\t\t<div class=\"elementor-element elementor-element-c6bba3d elementor-widget elementor-widget-html\" data-id=\"c6bba3d\" data-element_type=\"widget\" data-e-type=\"widget\" data-widget_type=\"html.default\">\n\t\t\t\t\t<script charset=\"utf-8\" type=\"text\/javascript\" src=\"\/\/js.hsforms.net\/forms\/embed\/v2.js\"><\/script>\r\n\r\n<script>\r\n\r\nhbspt.forms.create({\r\n\r\nregion: \"na1\",\r\n\r\nportalId: \"46339531\",\r\n\r\nformId: \"5679ae35-7ff1-41b8-889a-4fda66131255\"\r\n\r\n});\r\n\r\n<\/script>\t\t\t\t<\/div>\n\t\t\t\t\t<\/div>\n\t\t<\/div>\n\t\t\t\t\t<\/div>\n\t\t<\/section>\n\t\t\t\t\t<\/div>\n\t\t<\/div>\n\t\t\t\t\t<\/div>\n\t\t<\/section>\n\t\t\t\t<\/div>\n\t\t","protected":false},"excerpt":{"rendered":"<p>Distribuci\u00f3n La Plataforma que tu Empresa de Distribuci\u00f3n Necesita Este sector comercial, en donde se encuentran mayoristas, distribuidores, representantes de marcas, comercializadores entre otros; manejan por<span class=\"excerpt-hellip\"> [\u2026]<\/span><\/p>\n","protected":false},"author":1,"featured_media":-1,"parent":556,"menu_order":0,"comment_status":"closed","ping_status":"closed","template":"elementor_header_footer","meta":{"footnotes":""},"class_list":["post-612","page","type-page","status-publish","has-post-thumbnail","hentry"],"_links":{"self":[{"href":"https:\/\/demo.boyala.com\/pa\/wp-json\/wp\/v2\/pages\/612","targetHints":{"allow":["GET"]}}],"collection":[{"href":"https:\/\/demo.boyala.com\/pa\/wp-json\/wp\/v2\/pages"}],"about":[{"href":"https:\/\/demo.boyala.com\/pa\/wp-json\/wp\/v2\/types\/page"}],"author":[{"embeddable":true,"href":"https:\/\/demo.boyala.com\/pa\/wp-json\/wp\/v2\/users\/1"}],"replies":[{"embeddable":true,"href":"https:\/\/demo.boyala.com\/pa\/wp-json\/wp\/v2\/comments?post=612"}],"version-history":[{"count":4,"href":"https:\/\/demo.boyala.com\/pa\/wp-json\/wp\/v2\/pages\/612\/revisions"}],"predecessor-version":[{"id":1424,"href":"https:\/\/demo.boyala.com\/pa\/wp-json\/wp\/v2\/pages\/612\/revisions\/1424"}],"up":[{"embeddable":true,"href":"https:\/\/demo.boyala.com\/pa\/wp-json\/wp\/v2\/pages\/556"}],"wp:featuredmedia":[{"embeddable":true,"href":"https:\/\/demo.boyala.com\/pa\/wp-json\/"}],"wp:attachment":[{"href":"https:\/\/demo.boyala.com\/pa\/wp-json\/wp\/v2\/media?parent=612"}],"curies":[{"name":"wp","href":"https:\/\/api.w.org\/{rel}","templated":true}]}}