{"id":353,"date":"2025-12-26T15:38:26","date_gmt":"2025-12-26T14:38:26","guid":{"rendered":"https:\/\/demo.boyala.com\/?page_id=353"},"modified":"2026-01-19T19:09:14","modified_gmt":"2026-01-19T18:09:14","slug":"capacitacion","status":"publish","type":"page","link":"https:\/\/demo.boyala.com\/pa\/servicios-boyala\/capacitacion\/","title":{"rendered":"Capacitaci\u00f3n"},"content":{"rendered":"\t\t<div data-elementor-type=\"wp-page\" data-elementor-id=\"353\" class=\"elementor elementor-353\" data-elementor-post-type=\"page\">\n\t\t\t\t<div class=\"elementor-element elementor-element-1716a25 e-con-full e-flex e-con e-parent\" data-id=\"1716a25\" data-element_type=\"container\" data-e-type=\"container\" data-settings=\"{&quot;background_background&quot;:&quot;gradient&quot;}\">\n\t\t\t\t<div class=\"elementor-element elementor-element-b149cd6 elementor-widget elementor-widget-heading\" data-id=\"b149cd6\" data-element_type=\"widget\" data-e-type=\"widget\" data-widget_type=\"heading.default\">\n\t\t\t\t\t<h2 class=\"elementor-heading-title elementor-size-default\">Capacitaci\u00f3n<\/h2>\t\t\t\t<\/div>\n\t\t\t\t<\/div>\n\t\t\t\t<section class=\"elementor-section elementor-top-section elementor-element elementor-element-4e85119 elementor-section-stretched elementor-section-full_width elementor-section-height-default elementor-section-height-default\" data-id=\"4e85119\" data-element_type=\"section\" data-e-type=\"section\" data-settings=\"{&quot;stretch_section&quot;:&quot;section-stretched&quot;}\">\n\t\t\t\t\t\t<div class=\"elementor-container elementor-column-gap-wider\">\n\t\t\t\t\t<div class=\"elementor-column elementor-col-100 elementor-top-column elementor-element elementor-element-d86ad54\" data-id=\"d86ad54\" data-element_type=\"column\" data-e-type=\"column\">\n\t\t\t<div class=\"elementor-widget-wrap elementor-element-populated\">\n\t\t\t\t\t\t<section class=\"elementor-section elementor-inner-section elementor-element elementor-element-971d560 elementor-section-content-middle elementor-section-full_width elementor-section-height-default elementor-section-height-default\" data-id=\"971d560\" data-element_type=\"section\" data-e-type=\"section\">\n\t\t\t\t\t\t<div class=\"elementor-container elementor-column-gap-default\">\n\t\t\t\t\t<div class=\"elementor-column elementor-col-50 elementor-inner-column elementor-element elementor-element-dd698b2\" data-id=\"dd698b2\" data-element_type=\"column\" data-e-type=\"column\">\n\t\t\t<div class=\"elementor-widget-wrap elementor-element-populated\">\n\t\t\t\t\t\t<div class=\"elementor-element elementor-element-78c9ee4 elementor-widget elementor-widget-text-editor\" data-id=\"78c9ee4\" data-element_type=\"widget\" data-e-type=\"widget\" data-widget_type=\"text-editor.default\">\n\t\t\t\t\t\t\t\t\t<p>Nuestros cursos y capacitaciones de\u00a0<strong><a href=\"\/pa\/productos\/sap-business-one-cloud\/\" rel=\"noopener\">SAP Business One<\/a><\/strong>\u00a0est\u00e1n dise\u00f1adas para tratar el d\u00eda a d\u00eda de los procesos de negocios y sus respectivas industrias. C\u00f3mo mejorar el control, hacer m\u00e1s eficiente su empresa y generar informaci\u00f3n relevante, es la idea central de nuestras capacitaciones. Est\u00e1n divididas en 4 m\u00f3dulos de 3 horas cada uno.<br \/>Navegaci\u00f3n, compras, ventas y contabilidad.<\/p>\t\t\t\t\t\t\t\t<\/div>\n\t\t\t\t<div class=\"elementor-element elementor-element-841eb59 elementor-widget elementor-widget-heading\" data-id=\"841eb59\" data-element_type=\"widget\" data-e-type=\"widget\" data-widget_type=\"heading.default\">\n\t\t\t\t\t<h3 class=\"elementor-heading-title elementor-size-default\">Webinars a dictarse<\/h3>\t\t\t\t<\/div>\n\t\t\t\t<div class=\"elementor-element elementor-element-3acb3cb elementor-widget elementor-widget-text-editor\" data-id=\"3acb3cb\" data-element_type=\"widget\" data-e-type=\"widget\" data-widget_type=\"text-editor.default\">\n\t\t\t\t\t\t\t\t\t<p><strong>Inversi\u00f3n:<\/strong> $350 m\u00e1s ITBMS para p\u00fablico en general.<br \/><strong>Lugar:<\/strong> Todos ser\u00e1n dictados por la plataforma MS Teams.<\/p>\t\t\t\t\t\t\t\t<\/div>\n\t\t\t\t\t<\/div>\n\t\t<\/div>\n\t\t\t\t<div class=\"elementor-column elementor-col-50 elementor-inner-column elementor-element elementor-element-6745c33\" data-id=\"6745c33\" data-element_type=\"column\" data-e-type=\"column\">\n\t\t\t<div class=\"elementor-widget-wrap elementor-element-populated\">\n\t\t\t\t\t\t<div class=\"elementor-element elementor-element-742baad elementor-widget elementor-widget-image\" data-id=\"742baad\" data-element_type=\"widget\" data-e-type=\"widget\" data-widget_type=\"image.default\">\n\t\t\t\t\t\t\t\t\t\t\t\t\t\t\t<img fetchpriority=\"high\" decoding=\"async\" width=\"1024\" height=\"683\" src=\"https:\/\/demo.boyala.com\/pa\/wp-content\/uploads\/sites\/4\/2025\/12\/Boyala-SAP-Business-One-content.webp\" class=\"attachment-large size-large wp-image-301\" alt=\"\" srcset=\"https:\/\/demo.boyala.com\/pa\/wp-content\/uploads\/sites\/4\/2025\/12\/Boyala-SAP-Business-One-content.webp 1024w, https:\/\/demo.boyala.com\/pa\/wp-content\/uploads\/sites\/4\/2025\/12\/Boyala-SAP-Business-One-content-300x200.webp 300w, https:\/\/demo.boyala.com\/pa\/wp-content\/uploads\/sites\/4\/2025\/12\/Boyala-SAP-Business-One-content-768x512.webp 768w, https:\/\/demo.boyala.com\/pa\/wp-content\/uploads\/sites\/4\/2025\/12\/Boyala-SAP-Business-One-content-112x75.webp 112w, https:\/\/demo.boyala.com\/pa\/wp-content\/uploads\/sites\/4\/2025\/12\/Boyala-SAP-Business-One-content-480x320.webp 480w\" sizes=\"(max-width:767px) 480px, (max-width:1024px) 100vw, 1024px\" \/>\t\t\t\t\t\t\t\t\t\t\t\t\t\t\t<\/div>\n\t\t\t\t\t<\/div>\n\t\t<\/div>\n\t\t\t\t\t<\/div>\n\t\t<\/section>\n\t\t\t\t\t<\/div>\n\t\t<\/div>\n\t\t\t\t\t<\/div>\n\t\t<\/section>\n\t\t\t\t<section class=\"elementor-section elementor-top-section elementor-element elementor-element-703fe09 elementor-section-stretched elementor-section-full_width elementor-section-height-default elementor-section-height-default\" data-id=\"703fe09\" data-element_type=\"section\" data-e-type=\"section\" data-settings=\"{&quot;stretch_section&quot;:&quot;section-stretched&quot;,&quot;background_background&quot;:&quot;classic&quot;}\">\n\t\t\t\t\t\t<div class=\"elementor-container elementor-column-gap-wider\">\n\t\t\t\t\t<div class=\"elementor-column elementor-col-100 elementor-top-column elementor-element elementor-element-892aecb\" data-id=\"892aecb\" data-element_type=\"column\" data-e-type=\"column\">\n\t\t\t<div class=\"elementor-widget-wrap elementor-element-populated\">\n\t\t\t\t\t\t<section class=\"elementor-section elementor-inner-section elementor-element elementor-element-c615677 elementor-section-content-middle elementor-section-full_width elementor-section-height-default elementor-section-height-default\" data-id=\"c615677\" data-element_type=\"section\" data-e-type=\"section\">\n\t\t\t\t\t\t<div class=\"elementor-container elementor-column-gap-default\">\n\t\t\t\t\t<div class=\"elementor-column elementor-col-50 elementor-inner-column elementor-element elementor-element-5d9b19b\" data-id=\"5d9b19b\" data-element_type=\"column\" data-e-type=\"column\">\n\t\t\t<div class=\"elementor-widget-wrap elementor-element-populated\">\n\t\t\t\t\t\t<div class=\"elementor-element elementor-element-c68afab elementor-widget elementor-widget-heading\" data-id=\"c68afab\" data-element_type=\"widget\" data-e-type=\"widget\" data-widget_type=\"heading.default\">\n\t\t\t\t\t<h2 class=\"elementor-heading-title elementor-size-default\">Webinars<\/h2>\t\t\t\t<\/div>\n\t\t\t\t<div class=\"elementor-element elementor-element-b19d0dc elementor-widget elementor-widget-image\" data-id=\"b19d0dc\" data-element_type=\"widget\" data-e-type=\"widget\" data-widget_type=\"image.default\">\n\t\t\t\t\t\t\t\t\t\t\t\t\t\t\t<img decoding=\"async\" width=\"1024\" height=\"136\" src=\"https:\/\/demo.boyala.com\/pa\/wp-content\/uploads\/sites\/4\/2026\/01\/SAP_BusinessOne_R_grad_blu-scaled-1-1024x136.png\" class=\"attachment-large size-large wp-image-1221\" alt=\"\" srcset=\"https:\/\/demo.boyala.com\/pa\/wp-content\/uploads\/sites\/4\/2026\/01\/SAP_BusinessOne_R_grad_blu-scaled-1-1024x136.png 1024w, https:\/\/demo.boyala.com\/pa\/wp-content\/uploads\/sites\/4\/2026\/01\/SAP_BusinessOne_R_grad_blu-scaled-1-300x40.png 300w, https:\/\/demo.boyala.com\/pa\/wp-content\/uploads\/sites\/4\/2026\/01\/SAP_BusinessOne_R_grad_blu-scaled-1-768x102.png 768w, https:\/\/demo.boyala.com\/pa\/wp-content\/uploads\/sites\/4\/2026\/01\/SAP_BusinessOne_R_grad_blu-scaled-1-1536x205.png 1536w, https:\/\/demo.boyala.com\/pa\/wp-content\/uploads\/sites\/4\/2026\/01\/SAP_BusinessOne_R_grad_blu-scaled-1-2048x273.png 2048w, https:\/\/demo.boyala.com\/pa\/wp-content\/uploads\/sites\/4\/2026\/01\/SAP_BusinessOne_R_grad_blu-scaled-1-150x20.png 150w, https:\/\/demo.boyala.com\/pa\/wp-content\/uploads\/sites\/4\/2026\/01\/SAP_BusinessOne_R_grad_blu-scaled-1-480x64.png 480w\" sizes=\"(max-width:767px) 480px, (max-width:1024px) 100vw, 1024px\" \/>\t\t\t\t\t\t\t\t\t\t\t\t\t\t\t<\/div>\n\t\t\t\t<div class=\"elementor-element elementor-element-23309e9 elementor-widget elementor-widget-text-editor\" data-id=\"23309e9\" data-element_type=\"widget\" data-e-type=\"widget\" data-widget_type=\"text-editor.default\">\n\t\t\t\t\t\t\t\t\t<p>Para inscribirse en nuestros pr\u00f3ximos webinars, por favor, ingrese sus datos para poderle hacer llegar nuestra fecha de capacitaci\u00f3n m\u00e1s temprana, en caso de que la actual ya haya pasado. Las capacitaciones tienen un m\u00e1ximo de 10 personas.<\/p><p>Si tiene alg\u00fan problema con el formulario puede enviar un correo a info@boyala.com<\/p>\t\t\t\t\t\t\t\t<\/div>\n\t\t\t\t\t<\/div>\n\t\t<\/div>\n\t\t\t\t<div class=\"elementor-column elementor-col-50 elementor-inner-column elementor-element elementor-element-75248bf\" data-id=\"75248bf\" data-element_type=\"column\" data-e-type=\"column\">\n\t\t\t<div class=\"elementor-widget-wrap elementor-element-populated\">\n\t\t\t\t\t\t<div class=\"elementor-element elementor-element-0c9d30b elementor-widget elementor-widget-html\" data-id=\"0c9d30b\" data-element_type=\"widget\" data-e-type=\"widget\" data-widget_type=\"html.default\">\n\t\t\t\t\t<script charset=\"utf-8\" type=\"text\/javascript\" src=\"\/\/js.hsforms.net\/forms\/embed\/v2.js\"><\/script>\n\n<script>\n\nhbspt.forms.create({\n\nregion: \"na1\",\n\nportalId: \"46339531\",\n\nformId: \"d29c00c7-309d-4ada-a2b9-e6e8768904d2\"\n\n});\n\n<\/script>\t\t\t\t<\/div>\n\t\t\t\t\t<\/div>\n\t\t<\/div>\n\t\t\t\t\t<\/div>\n\t\t<\/section>\n\t\t\t\t\t<\/div>\n\t\t<\/div>\n\t\t\t\t\t<\/div>\n\t\t<\/section>\n\t\t\t\t<\/div>\n\t\t","protected":false},"excerpt":{"rendered":"<p>Capacitaci\u00f3n Nuestros cursos y capacitaciones de\u00a0SAP Business One\u00a0est\u00e1n dise\u00f1adas para tratar el d\u00eda a d\u00eda de los procesos de negocios y sus respectivas industrias. C\u00f3mo mejorar<span class=\"excerpt-hellip\"> [\u2026]<\/span><\/p>\n","protected":false},"author":1,"featured_media":-1,"parent":558,"menu_order":0,"comment_status":"closed","ping_status":"closed","template":"elementor_header_footer","meta":{"footnotes":""},"class_list":["post-353","page","type-page","status-publish","has-post-thumbnail","hentry"],"_links":{"self":[{"href":"https:\/\/demo.boyala.com\/pa\/wp-json\/wp\/v2\/pages\/353","targetHints":{"allow":["GET"]}}],"collection":[{"href":"https:\/\/demo.boyala.com\/pa\/wp-json\/wp\/v2\/pages"}],"about":[{"href":"https:\/\/demo.boyala.com\/pa\/wp-json\/wp\/v2\/types\/page"}],"author":[{"embeddable":true,"href":"https:\/\/demo.boyala.com\/pa\/wp-json\/wp\/v2\/users\/1"}],"replies":[{"embeddable":true,"href":"https:\/\/demo.boyala.com\/pa\/wp-json\/wp\/v2\/comments?post=353"}],"version-history":[{"count":10,"href":"https:\/\/demo.boyala.com\/pa\/wp-json\/wp\/v2\/pages\/353\/revisions"}],"predecessor-version":[{"id":1439,"href":"https:\/\/demo.boyala.com\/pa\/wp-json\/wp\/v2\/pages\/353\/revisions\/1439"}],"up":[{"embeddable":true,"href":"https:\/\/demo.boyala.com\/pa\/wp-json\/wp\/v2\/pages\/558"}],"wp:featuredmedia":[{"embeddable":true,"href":"https:\/\/demo.boyala.com\/pa\/wp-json\/"}],"wp:attachment":[{"href":"https:\/\/demo.boyala.com\/pa\/wp-json\/wp\/v2\/media?parent=353"}],"curies":[{"name":"wp","href":"https:\/\/api.w.org\/{rel}","templated":true}]}}